{"id":285,"date":"2023-02-12T01:54:31","date_gmt":"2023-02-12T00:54:31","guid":{"rendered":"http:\/\/4cloud.io\/?page_id=285"},"modified":"2023-02-12T01:54:32","modified_gmt":"2023-02-12T00:54:32","slug":"network-as-a-service","status":"publish","type":"page","link":"https:\/\/4cloud.io\/index.php\/network-as-a-service\/","title":{"rendered":"Network As a Service"},"content":{"rendered":"\n<p>I nostri Clienti hanno la possibilit\u00e0 di esternalizzare completamente l&#8217;infrastruttura di rete (Switch, Firewall, Wi-Fi, ecc.) affidando a noi la fornitura, l&#8217;installazione, la gestione e la manutenzione, traducendo il tutto in un semplice ed omnicomprensivo canone mensile, senza anticipo e senza &#8220;righe piccole&#8221;.<\/p>\n\n\n\n<h3 class=\"has-text-align-center wp-block-heading\">Ad esempio: Wi-Fi as a Service<\/h3>\n\n\n\n<p>Progettiamo e realizziamo da 20 anni reti Wi-Fi assolutamente affidabili, performanti e sicure. Offriamo ai nostri Clienti:<\/p>\n\n\n\n<ul class=\"wp-block-list\">\n<li>Wireless LAN Controller (WLC) Cisco Systems virtualizzato sul proprio Private Cloud<\/li>\n\n\n\n<li>Access Point Cisco Systems di fascia Enterprise, conformi allo standard 802.11ac, estremamente affidabili e performanti<\/li>\n\n\n\n<li>Monitoraggio, manutenzione hardware e configurazione inclusi nel canone<\/li>\n\n\n\n<li>Funzionalit\u00e0 extra: Captive portal per gli utenti guest, URL filtering, ecc.<\/li>\n<\/ul>\n\n\n\n<h3 class=\"has-text-align-center wp-block-heading\">Switch as a Service? Perch\u00e8 no!<\/h3>\n\n\n\n<p>Tramite la formula As a Service possiamo fornire ai nostri Clienti infrastrutture di rete composte da switch di fascia enterprise solidi, performanti e scalabili. Dalla fase di analisi \/ progettazione a quella di installazione fino ad arrivare al post-vendita, pensiamo a tutto noi:<\/p>\n\n\n\n<ul class=\"wp-block-list\">\n<li>Infrastruttura di rete progettata e realizzata da tecnici senior con esperienza ventennale in ambito large enterprise;<\/li>\n\n\n\n<li>Tutti gli accessori sono inclusi: transceiver, moduli, cablaggi e licenze non saranno pi\u00f9 un Tuo problema<\/li>\n\n\n\n<li>Servizi di monitoraggio, manutenzione hardware e configurazione inclusi nel canone<\/li>\n<\/ul>\n\n\n\n<h3 class=\"has-text-align-center wp-block-heading\">Amministrazione Flessibile<\/h3>\n\n\n\n<p>I nostri competitor ritengono sia indispensabile &#8220;chiudere a chiave&#8221; gli apparati e costringere il Cliente a pagare per effettuare qualsiasi modifica, anche banale, alla loro configurazione. Al contrario noi riteniamo che il Cliente debba sempre poter scegliere la modalit\u00e0 di gestione pi\u00f9 congeniale alla propria operativit\u00e0:  completamente delegata a noi, completamente autonoma oppure ibrida.<\/p>\n","protected":false},"excerpt":{"rendered":"<p>I nostri Clienti hanno la possibilit\u00e0 di esternalizzare completamente l&#8217;infrastruttura di rete (Switch, Firewall, Wi-Fi, ecc.) affidando a noi la fornitura, l&#8217;installazione, la gestione e la manutenzione, traducendo il tutto in un semplice ed omnicomprensivo canone mensile, senza anticipo e senza &#8220;righe piccole&#8221;. Ad esempio: Wi-Fi as a Service Progettiamo [&hellip;]<\/p>\n","protected":false},"author":1,"featured_media":286,"parent":0,"menu_order":0,"comment_status":"closed","ping_status":"closed","template":"","meta":{"footnotes":""},"class_list":["post-285","page","type-page","status-publish","has-post-thumbnail","hentry"],"_links":{"self":[{"href":"https:\/\/4cloud.io\/index.php\/wp-json\/wp\/v2\/pages\/285","targetHints":{"allow":["GET"]}}],"collection":[{"href":"https:\/\/4cloud.io\/index.php\/wp-json\/wp\/v2\/pages"}],"about":[{"href":"https:\/\/4cloud.io\/index.php\/wp-json\/wp\/v2\/types\/page"}],"author":[{"embeddable":true,"href":"https:\/\/4cloud.io\/index.php\/wp-json\/wp\/v2\/users\/1"}],"replies":[{"embeddable":true,"href":"https:\/\/4cloud.io\/index.php\/wp-json\/wp\/v2\/comments?post=285"}],"version-history":[{"count":2,"href":"https:\/\/4cloud.io\/index.php\/wp-json\/wp\/v2\/pages\/285\/revisions"}],"predecessor-version":[{"id":288,"href":"https:\/\/4cloud.io\/index.php\/wp-json\/wp\/v2\/pages\/285\/revisions\/288"}],"wp:featuredmedia":[{"embeddable":true,"href":"https:\/\/4cloud.io\/index.php\/wp-json\/wp\/v2\/media\/286"}],"wp:attachment":[{"href":"https:\/\/4cloud.io\/index.php\/wp-json\/wp\/v2\/media?parent=285"}],"curies":[{"name":"wp","href":"https:\/\/api.w.org\/{rel}","templated":true}]}}